{"id":1240,"date":"2023-03-13T16:31:47","date_gmt":"2023-03-13T15:31:47","guid":{"rendered":"https:\/\/daelsolar.com\/fr\/?page_id=1240"},"modified":"2023-03-20T10:04:37","modified_gmt":"2023-03-20T09:04:37","slug":"actualites","status":"publish","type":"page","link":"https:\/\/daelsolar.com\/fr\/actualites\/","title":{"rendered":"Actualit\u00e9s"},"content":{"rendered":"\t\t<div data-elementor-type=\"wp-page\" data-elementor-id=\"1240\" class=\"elementor elementor-1240\">\n\t\t\t\t\t\t\t\t\t<section class=\"elementor-section elementor-top-section elementor-element elementor-element-379961e elementor-section-boxed elementor-section-height-default elementor-section-height-default\" data-id=\"379961e\" data-element_type=\"section\" data-settings=\"{&quot;jet_parallax_layout_list&quot;:[],&quot;background_background&quot;:&quot;classic&quot;}\">\n\t\t\t\t\t\t\t<div class=\"elementor-background-overlay\"><\/div>\n\t\t\t\t\t\t\t<div class=\"elementor-container elementor-column-gap-default\">\n\t\t\t\t\t<div class=\"elementor-column elementor-col-100 elementor-top-column elementor-element elementor-element-f5f02a9\" data-id=\"f5f02a9\" data-element_type=\"column\">\n\t\t\t<div class=\"elementor-widget-wrap elementor-element-populated\">\n\t\t\t\t\t\t\t\t<section class=\"elementor-section elementor-inner-section elementor-element elementor-element-9c076eb elementor-section-boxed elementor-section-height-default elementor-section-height-default\" data-id=\"9c076eb\" data-element_type=\"section\" data-settings=\"{&quot;jet_parallax_layout_list&quot;:[]}\">\n\t\t\t\t\t\t<div class=\"elementor-container elementor-column-gap-default\">\n\t\t\t\t\t<div class=\"elementor-column elementor-col-50 elementor-inner-column elementor-element elementor-element-d987856\" data-id=\"d987856\" data-element_type=\"column\">\n\t\t\t<div class=\"elementor-widget-wrap elementor-element-populated\">\n\t\t\t\t\t\t\t\t<div class=\"elementor-element elementor-element-6e91c25 elementor-widget elementor-widget-spacer\" data-id=\"6e91c25\" data-element_type=\"widget\" data-widget_type=\"spacer.default\">\n\t\t\t\t<div class=\"elementor-widget-container\">\n\t\t\t<style>\/*! elementor - v3.11.3 - 07-03-2023 *\/\n.elementor-column .elementor-spacer-inner{height:var(--spacer-size)}.e-con{--container-widget-width:100%}.e-con-inner>.elementor-widget-spacer,.e-con>.elementor-widget-spacer{width:var(--container-widget-width,var(--spacer-size));--align-self:var(--container-widget-align-self,initial);--flex-shrink:0}.e-con-inner>.elementor-widget-spacer>.elementor-widget-container,.e-con-inner>.elementor-widget-spacer>.elementor-widget-container>.elementor-spacer,.e-con>.elementor-widget-spacer>.elementor-widget-container,.e-con>.elementor-widget-spacer>.elementor-widget-container>.elementor-spacer{height:100%}.e-con-inner>.elementor-widget-spacer>.elementor-widget-container>.elementor-spacer>.elementor-spacer-inner,.e-con>.elementor-widget-spacer>.elementor-widget-container>.elementor-spacer>.elementor-spacer-inner{height:var(--container-widget-height,var(--spacer-size))}<\/style>\t\t<div class=\"elementor-spacer\">\n\t\t\t<div class=\"elementor-spacer-inner\"><\/div>\n\t\t<\/div>\n\t\t\t\t<\/div>\n\t\t\t\t<\/div>\n\t\t\t\t<div class=\"elementor-element elementor-element-7fbaf39 elementor-widget elementor-widget-heading\" data-id=\"7fbaf39\" data-element_type=\"widget\" data-widget_type=\"heading.default\">\n\t\t\t\t<div class=\"elementor-widget-container\">\n\t\t\t<style>\/*! elementor - v3.11.3 - 07-03-2023 *\/\n.elementor-heading-title{padding:0;margin:0;line-height:1}.elementor-widget-heading .elementor-heading-title[class*=elementor-size-]>a{color:inherit;font-size:inherit;line-height:inherit}.elementor-widget-heading .elementor-heading-title.elementor-size-small{font-size:15px}.elementor-widget-heading .elementor-heading-title.elementor-size-medium{font-size:19px}.elementor-widget-heading .elementor-heading-title.elementor-size-large{font-size:29px}.elementor-widget-heading .elementor-heading-title.elementor-size-xl{font-size:39px}.elementor-widget-heading .elementor-heading-title.elementor-size-xxl{font-size:59px}<\/style><h2 class=\"elementor-heading-title elementor-size-default\">Actualit\u00e9s<\/h2>\t\t<\/div>\n\t\t\t\t<\/div>\n\t\t\t\t\t<\/div>\n\t\t<\/div>\n\t\t\t\t<div class=\"elementor-column elementor-col-50 elementor-inner-column elementor-element elementor-element-0a15103\" data-id=\"0a15103\" data-element_type=\"column\">\n\t\t\t<div class=\"elementor-widget-wrap\">\n\t\t\t\t\t\t\t\t\t<\/div>\n\t\t<\/div>\n\t\t\t\t\t\t\t<\/div>\n\t\t<\/section>\n\t\t\t\t<div class=\"elementor-element elementor-element-a042e1a elementor-widget elementor-widget-spacer\" data-id=\"a042e1a\" data-element_type=\"widget\" data-widget_type=\"spacer.default\">\n\t\t\t\t<div class=\"elementor-widget-container\">\n\t\t\t\t\t<div class=\"elementor-spacer\">\n\t\t\t<div class=\"elementor-spacer-inner\"><\/div>\n\t\t<\/div>\n\t\t\t\t<\/div>\n\t\t\t\t<\/div>\n\t\t\t\t\t<\/div>\n\t\t<\/div>\n\t\t\t\t\t\t\t<\/div>\n\t\t<\/section>\n\t\t\t\t<section class=\"elementor-section elementor-top-section elementor-element elementor-element-a919a14 elementor-section-boxed elementor-section-height-default elementor-section-height-default\" data-id=\"a919a14\" data-element_type=\"section\" data-settings=\"{&quot;jet_parallax_layout_list&quot;:[]}\">\n\t\t\t\t\t\t<div class=\"elementor-container elementor-column-gap-default\">\n\t\t\t\t\t<div class=\"elementor-column elementor-col-100 elementor-top-column elementor-element elementor-element-dd82f39\" data-id=\"dd82f39\" data-element_type=\"column\">\n\t\t\t<div class=\"elementor-widget-wrap elementor-element-populated\">\n\t\t\t\t\t\t\t\t<div class=\"elementor-element elementor-element-5d0b925 elementor-widget elementor-widget-spacer\" data-id=\"5d0b925\" data-element_type=\"widget\" data-widget_type=\"spacer.default\">\n\t\t\t\t<div class=\"elementor-widget-container\">\n\t\t\t\t\t<div class=\"elementor-spacer\">\n\t\t\t<div class=\"elementor-spacer-inner\"><\/div>\n\t\t<\/div>\n\t\t\t\t<\/div>\n\t\t\t\t<\/div>\n\t\t\t\t<div class=\"elementor-element elementor-element-fe37f8f raven-hover-slide-down elementor-widget elementor-widget-raven-posts\" data-id=\"fe37f8f\" data-element_type=\"widget\" data-settings=\"{&quot;classic_mirror_rows&quot;:&quot;yes&quot;,&quot;classic_columns&quot;:&quot;1&quot;,&quot;query_posts_per_page&quot;:&quot;4&quot;,&quot;classic_show_pagination&quot;:&quot;yes&quot;,&quot;classic_columns_tablet&quot;:&quot;1&quot;,&quot;_skin&quot;:&quot;classic&quot;,&quot;classic_layout&quot;:&quot;grid&quot;,&quot;classic_columns_mobile&quot;:&quot;1&quot;,&quot;classic_pagination_type&quot;:&quot;page_based&quot;,&quot;query_offset&quot;:0}\" data-widget_type=\"raven-posts.classic\">\n\t\t\t\t<div class=\"elementor-widget-container\">\n\t\t\t\t\t<div class=\"raven-posts raven-grid raven-grid-1 raven-grid-mobile-1 raven-grid-tablet-1\" data-post-id=\"1240\" data-archive-query=\"\">\n\t\t\t\t<div class=\"raven-grid-item raven-post-item post-1293 post type-post status-publish format-standard has-post-thumbnail hentry category-solaire\">\n\t\t\t<div class=\"raven-post raven-post-inline raven-post-inline-left\">\n\t\t\t\t\t\t<div class=\"raven-post-image-wrap\">\n\t\t\t<a class=\"raven-post-image raven-image-fit\" href=\"https:\/\/daelsolar.com\/fr\/lenergie-solaire-pour-lindustrie-en-afrique\/\"><img width=\"1920\" height=\"1485\" src=\"https:\/\/daelsolar.com\/fr\/wp-content\/uploads\/2020\/06\/blog06.jpg\" class=\"attachment-full size-full wp-image-349\" alt=\"\" decoding=\"async\" loading=\"lazy\" srcset=\"https:\/\/daelsolar.com\/fr\/wp-content\/uploads\/2020\/06\/blog06.jpg 1920w, https:\/\/daelsolar.com\/fr\/wp-content\/uploads\/2020\/06\/blog06-300x232.jpg 300w, https:\/\/daelsolar.com\/fr\/wp-content\/uploads\/2020\/06\/blog06-1024x792.jpg 1024w, https:\/\/daelsolar.com\/fr\/wp-content\/uploads\/2020\/06\/blog06-768x594.jpg 768w, https:\/\/daelsolar.com\/fr\/wp-content\/uploads\/2020\/06\/blog06-1536x1188.jpg 1536w\" sizes=\"(max-width: 1920px) 100vw, 1920px\" \/> <span class=\"raven-post-image-overlay\"><\/span><\/a>\t\t<\/div>\n\t\t\t\t\t\t<div class=\"raven-post-content\">\n\t\t\t\t\t\t\t<div class=\"raven-post-meta\"><a class=\"raven-post-meta-item raven-post-date\" href=\"https:\/\/daelsolar.com\/fr\/2023\/03\/\" rel=\"bookmark\">13 March 2023<\/a>\n<span class=\"raven-post-meta-divider\">|<\/span>\n<span class=\"raven-post-meta-item raven-post-categories\"><a href=\"https:\/\/daelsolar.com\/fr\/category\/solaire\/\" rel=\"tag\">solaire<\/a><\/span><\/div>\n\t\t<h3 class=\"raven-post-title\"><a class=\"raven-post-title-link\" href=\"https:\/\/daelsolar.com\/fr\/lenergie-solaire-pour-lindustrie-en-afrique\/\">L&#8217;\u00e9nergie solaire pour l&#8217;industrie en Afrique<\/a><\/h3>\t\t<div class=\"raven-post-excerpt\">La population de l&#039;Afrique continue de cro\u00eetre, tout comme la demande de sources d&#039;\u00e9nergie fiables et abordables. Les entreprises industrielles, en particulier, ont besoin d&#039;une quantit\u00e9 importante d&#039;\u00e9nergie pour fonctionner, et les sources traditionnelles telles que les combustibles fossiles peuvent \u00eatre \u00e0 la fois co\u00fbteuses et dommageables pour l&#039;environnement...<\/div>\n\t\t\t\t<div class=\"raven-post-read-more\">\n\t\t\t<a class=\"raven-post-button\" href=\"https:\/\/daelsolar.com\/fr\/lenergie-solaire-pour-lindustrie-en-afrique\/\"><span class=\"raven-post-button-text\">Lire la suite<\/span><\/a>\n\t\t<\/div>\n\t\t\t\t\t\t<\/div>\n\t\t\t<\/div>\n\t\t<\/div>\n\t\t\t\t<div class=\"raven-grid-item raven-post-item post-1280 post type-post status-publish format-standard has-post-thumbnail hentry category-solaire\">\n\t\t\t<div class=\"raven-post raven-post-inline raven-post-inline-left\">\n\t\t\t\t\t\t<div class=\"raven-post-image-wrap\">\n\t\t\t<a class=\"raven-post-image raven-image-fit\" href=\"https:\/\/daelsolar.com\/fr\/leclairage-public-solaire-en-afrique-et-le-developpement-des-villes\/\"><img width=\"1280\" height=\"780\" src=\"https:\/\/daelsolar.com\/fr\/wp-content\/uploads\/2023\/03\/unnamed-file-4005-1280x780-1.jpeg\" class=\"attachment-full size-full wp-image-1171\" alt=\"\" decoding=\"async\" loading=\"lazy\" srcset=\"https:\/\/daelsolar.com\/fr\/wp-content\/uploads\/2023\/03\/unnamed-file-4005-1280x780-1.jpeg 1280w, https:\/\/daelsolar.com\/fr\/wp-content\/uploads\/2023\/03\/unnamed-file-4005-1280x780-1-300x183.jpeg 300w, https:\/\/daelsolar.com\/fr\/wp-content\/uploads\/2023\/03\/unnamed-file-4005-1280x780-1-1024x624.jpeg 1024w, https:\/\/daelsolar.com\/fr\/wp-content\/uploads\/2023\/03\/unnamed-file-4005-1280x780-1-768x468.jpeg 768w\" sizes=\"(max-width: 1280px) 100vw, 1280px\" \/> <span class=\"raven-post-image-overlay\"><\/span><\/a>\t\t<\/div>\n\t\t\t\t\t\t<div class=\"raven-post-content\">\n\t\t\t\t\t\t\t<div class=\"raven-post-meta\"><a class=\"raven-post-meta-item raven-post-date\" href=\"https:\/\/daelsolar.com\/fr\/2023\/03\/\" rel=\"bookmark\">13 March 2023<\/a>\n<span class=\"raven-post-meta-divider\">|<\/span>\n<span class=\"raven-post-meta-item raven-post-categories\"><a href=\"https:\/\/daelsolar.com\/fr\/category\/solaire\/\" rel=\"tag\">solaire<\/a><\/span><\/div>\n\t\t<h3 class=\"raven-post-title\"><a class=\"raven-post-title-link\" href=\"https:\/\/daelsolar.com\/fr\/leclairage-public-solaire-en-afrique-et-le-developpement-des-villes\/\">L&#8217;\u00e9clairage public solaire en Afrique et le d\u00e9veloppement des villes<\/a><\/h3>\t\t<div class=\"raven-post-excerpt\">Les villes africaines se d\u00e9veloppent rapidement et cette croissance s&#039;accompagne d&#039;un besoin de syst\u00e8mes d&#039;\u00e9clairage public fiables et efficaces. L&#039;\u00e9clairage public joue un r\u00f4le essentiel dans le renforcement de la s\u00fbret\u00e9 et de la s\u00e9curit\u00e9, l&#039;am\u00e9lioration de la qualit\u00e9 de vie et le soutien au d\u00e9veloppement \u00e9conomique...<\/div>\n\t\t\t\t<div class=\"raven-post-read-more\">\n\t\t\t<a class=\"raven-post-button\" href=\"https:\/\/daelsolar.com\/fr\/leclairage-public-solaire-en-afrique-et-le-developpement-des-villes\/\"><span class=\"raven-post-button-text\">Lire la suite<\/span><\/a>\n\t\t<\/div>\n\t\t\t\t\t\t<\/div>\n\t\t\t<\/div>\n\t\t<\/div>\n\t\t\t\t<div class=\"raven-grid-item raven-post-item post-1251 post type-post status-publish format-standard has-post-thumbnail hentry category-solaire\">\n\t\t\t<div class=\"raven-post raven-post-inline raven-post-inline-left\">\n\t\t\t\t\t\t<div class=\"raven-post-image-wrap\">\n\t\t\t<a class=\"raven-post-image raven-image-fit\" href=\"https:\/\/daelsolar.com\/fr\/innovation-pour-les-centrales-solaires-et-impact-sur-lenvironnement-en-afrique\/\"><img width=\"1200\" height=\"600\" src=\"https:\/\/daelsolar.com\/fr\/wp-content\/uploads\/2023\/03\/about-us-1.jpg\" class=\"attachment-full size-full wp-image-1172\" alt=\"\" decoding=\"async\" loading=\"lazy\" srcset=\"https:\/\/daelsolar.com\/fr\/wp-content\/uploads\/2023\/03\/about-us-1.jpg 1200w, https:\/\/daelsolar.com\/fr\/wp-content\/uploads\/2023\/03\/about-us-1-300x150.jpg 300w, https:\/\/daelsolar.com\/fr\/wp-content\/uploads\/2023\/03\/about-us-1-1024x512.jpg 1024w, https:\/\/daelsolar.com\/fr\/wp-content\/uploads\/2023\/03\/about-us-1-768x384.jpg 768w\" sizes=\"(max-width: 1200px) 100vw, 1200px\" \/> <span class=\"raven-post-image-overlay\"><\/span><\/a>\t\t<\/div>\n\t\t\t\t\t\t<div class=\"raven-post-content\">\n\t\t\t\t\t\t\t<div class=\"raven-post-meta\"><a class=\"raven-post-meta-item raven-post-date\" href=\"https:\/\/daelsolar.com\/fr\/2023\/03\/\" rel=\"bookmark\">13 March 2023<\/a>\n<span class=\"raven-post-meta-divider\">|<\/span>\n<span class=\"raven-post-meta-item raven-post-categories\"><a href=\"https:\/\/daelsolar.com\/fr\/category\/solaire\/\" rel=\"tag\">solaire<\/a><\/span><\/div>\n\t\t<h3 class=\"raven-post-title\"><a class=\"raven-post-title-link\" href=\"https:\/\/daelsolar.com\/fr\/innovation-pour-les-centrales-solaires-et-impact-sur-lenvironnement-en-afrique\/\">Innovation pour les centrales solaires et impact sur l&#8217;environnement en Afrique<\/a><\/h3>\t\t<div class=\"raven-post-excerpt\">Ces derni\u00e8res ann\u00e9es, l&#039;\u00e9nergie solaire est devenue une source d&#039;\u00e9nergie de plus en plus populaire en Afrique, et ce pour de bonnes raisons. L&#039;abondance du soleil dans de nombreuses r\u00e9gions du continent fait de l&#039;\u00e9nergie solaire une option fiable et rentable pour les communaut\u00e9s et les entreprises...<\/div>\n\t\t\t\t<div class=\"raven-post-read-more\">\n\t\t\t<a class=\"raven-post-button\" href=\"https:\/\/daelsolar.com\/fr\/innovation-pour-les-centrales-solaires-et-impact-sur-lenvironnement-en-afrique\/\"><span class=\"raven-post-button-text\">Lire la suite<\/span><\/a>\n\t\t<\/div>\n\t\t\t\t\t\t<\/div>\n\t\t\t<\/div>\n\t\t<\/div>\n\t\t\t\t<\/div>\n\t\t\t\t<\/div>\n\t\t\t\t<\/div>\n\t\t\t\t<div class=\"elementor-element elementor-element-9b86647 elementor-widget elementor-widget-spacer\" data-id=\"9b86647\" data-element_type=\"widget\" data-widget_type=\"spacer.default\">\n\t\t\t\t<div class=\"elementor-widget-container\">\n\t\t\t\t\t<div class=\"elementor-spacer\">\n\t\t\t<div class=\"elementor-spacer-inner\"><\/div>\n\t\t<\/div>\n\t\t\t\t<\/div>\n\t\t\t\t<\/div>\n\t\t\t\t\t<\/div>\n\t\t<\/div>\n\t\t\t\t\t\t\t<\/div>\n\t\t<\/section>\n\t\t\t\t\t\t\t<\/div>\n\t\t","protected":false},"excerpt":{"rendered":"<p>Actualit\u00e9s 13 mars 2023 | solaire L&rsquo;\u00e9nergie solaire pour l&rsquo;industrie en Afrique La population de l&#039;Afrique continue de cro\u00eetre, tout comme la demande de sources d&#039;\u00e9nergie fiables et abordables. Les entreprises industrielles, en particulier, ont besoin d&#039;une quantit\u00e9 importante d&#039;\u00e9nergie pour fonctionner, et les sources traditionnelles telles que les combustibles fossiles peuvent \u00eatre \u00e0 la [&hellip;]<\/p>\n","protected":false},"author":1,"featured_media":0,"parent":0,"menu_order":0,"comment_status":"closed","ping_status":"closed","template":"elementor_header_footer","meta":[],"acf":[],"_links":{"self":[{"href":"https:\/\/daelsolar.com\/fr\/wp-json\/wp\/v2\/pages\/1240"}],"collection":[{"href":"https:\/\/daelsolar.com\/fr\/wp-json\/wp\/v2\/pages"}],"about":[{"href":"https:\/\/daelsolar.com\/fr\/wp-json\/wp\/v2\/types\/page"}],"author":[{"embeddable":true,"href":"https:\/\/daelsolar.com\/fr\/wp-json\/wp\/v2\/users\/1"}],"replies":[{"embeddable":true,"href":"https:\/\/daelsolar.com\/fr\/wp-json\/wp\/v2\/comments?post=1240"}],"version-history":[{"count":17,"href":"https:\/\/daelsolar.com\/fr\/wp-json\/wp\/v2\/pages\/1240\/revisions"}],"predecessor-version":[{"id":1377,"href":"https:\/\/daelsolar.com\/fr\/wp-json\/wp\/v2\/pages\/1240\/revisions\/1377"}],"wp:attachment":[{"href":"https:\/\/daelsolar.com\/fr\/wp-json\/wp\/v2\/media?parent=1240"}],"curies":[{"name":"wp","href":"https:\/\/api.w.org\/{rel}","templated":true}]}}